{"id":1591,"date":"2025-04-30T14:58:34","date_gmt":"2025-04-30T14:58:34","guid":{"rendered":"https:\/\/mirigarcia.chillypills.es\/acerca-de\/"},"modified":"2025-05-16T11:28:32","modified_gmt":"2025-05-16T11:28:32","slug":"acerca-de","status":"publish","type":"page","link":"https:\/\/mirigarcia.chillypills.es\/es\/acerca-de\/","title":{"rendered":"Sobre m\u00ed"},"content":{"rendered":"\t\t<div data-elementor-type=\"wp-page\" data-elementor-id=\"1591\" class=\"elementor elementor-1591 elementor-20\" data-elementor-post-type=\"page\">\n\t\t\t\t<div class=\"elementor-element elementor-element-b95226c e-flex e-con-boxed e-con e-parent\" data-id=\"b95226c\" data-element_type=\"container\" data-settings=\"{&quot;jet_parallax_layout_list&quot;:[]}\">\n\t\t\t\t\t<div class=\"e-con-inner\">\n\t\t<div class=\"elementor-element elementor-element-87e6be1 e-con-full e-flex elementor-invisible e-con e-child\" data-id=\"87e6be1\" data-element_type=\"container\" data-settings=\"{&quot;jet_parallax_layout_list&quot;:[],&quot;animation&quot;:&quot;fadeIn&quot;}\">\n\t\t\t\t<div class=\"elementor-element elementor-element-4774e71 elementor-widget elementor-widget-heading\" data-id=\"4774e71\" data-element_type=\"widget\" data-widget_type=\"heading.default\">\n\t\t\t\t<div class=\"elementor-widget-container\">\n\t\t\t\t\t<h2 class=\"elementor-heading-title elementor-size-default\">Hola<\/h2>\t\t\t\t<\/div>\n\t\t\t\t<\/div>\n\t\t\t\t<div class=\"elementor-element elementor-element-bfdbb7a elementor-view-default elementor-widget elementor-widget-icon\" data-id=\"bfdbb7a\" data-element_type=\"widget\" data-widget_type=\"icon.default\">\n\t\t\t\t<div class=\"elementor-widget-container\">\n\t\t\t\t\t\t\t<div class=\"elementor-icon-wrapper\">\n\t\t\t<div class=\"elementor-icon\">\n\t\t\t<svg xmlns=\"http:\/\/www.w3.org\/2000\/svg\" width=\"68\" height=\"96\" viewBox=\"0 0 68 96\" fill=\"none\"><path d=\"M60.1433 0.0634959C68.1341 1.86333 67.5879 9.22338 67.7274 17.0053C68.0385 34.0354 68.0943 34.5939 67.8311 48.0565C67.8112 49.1573 67.6796 50.5433 67.5639 51.6642C67.4922 52.3793 66.6867 52.7409 66.1006 52.3311C65.2512 51.7365 64.2982 51.1499 63.2416 50.6076C57.9463 47.8877 52.8464 47.719 49.8598 47.8877C49.6923 42.9422 50.5815 37.7797 47.8102 37.9123C46.7895 37.9605 46.0917 38.6354 46.0199 39.4952C45.7886 42.1749 45.8684 45.3728 45.8923 47.8837C45.8763 47.8837 36.0434 47.8837 35.9636 47.8837C35.9437 44.9911 36.1072 42.0182 35.7323 39.226C35.6685 38.76 35.4732 38.3984 35.206 38.1453C34.564 37.5347 33.3917 37.6753 33.0608 38.4466C32.4028 39.9813 33.001 47.8877 33.001 47.8877C33.001 47.8877 31.0112 48.876 29.8309 49.9768C28.0645 51.628 27.2072 53.3274 26.948 53.8778C25.8316 56.2401 25.8076 58.2167 25.8076 58.2167C25.7558 58.2087 21.4693 57.4976 20.2611 53.9019C19.041 50.2581 20.1455 43.7819 19.994 39.7684C19.9102 37.5748 16.9675 37.3499 16.2817 39.4631C15.7912 40.9776 15.9467 48.856 16.0863 50.9049C16.5409 57.6141 20.0299 61.4628 26.8404 61.6758C26.9161 61.6758 27.3348 62.5596 27.4026 62.6641C27.582 62.9453 27.7774 63.2265 27.9728 63.4997C28.3915 64.0903 28.87 64.6367 29.3963 65.1348C31.6612 67.2641 34.9309 68.3087 38.0131 68.2604C38.0131 68.2604 35.7642 70.9522 35.2339 71.7597C33.1684 74.6844 31.9881 78.7782 32.1556 82.3016C32.4268 83.3743 33.1525 83.5912 34.1772 83.5269C36.5378 83.3823 35.7922 80.4776 36.1351 78.6698C37.1559 73.3345 42.0125 69.2729 47.0566 68.0676C48.5599 67.71 50.6692 68.0877 51.4627 66.7378C52.2084 65.4723 51.5066 64.1867 50.0631 63.9698L49.6365 63.9055C43.2885 62.7444 28.6905 67.6859 30.0861 56.453C30.7401 53.6127 33.0448 52.1784 35.7922 52.0981C40.3498 51.9655 44.9273 51.6843 49.485 51.6843C60.57 50.7803 70.1079 57.4212 67.2649 69.5139C57.8665 109.195 -0.509354 101.047 0.224332 61.9691C0.240281 53.452 0.256231 44.9349 0.272181 36.4178C0.284143 30.6406 0.0409101 24.9237 0.00103583 19.1546C-0.0149139 16.6798 0.140596 14.3457 1.36473 12.349C4.21176 7.8735 11.1658 6.4714 15.4443 9.49255C20.935 14.2131 19.8863 21.9629 20.1256 29.4555C24.1529 26.4102 30.3852 27.6637 33.5712 31.2995L33.9141 31.7736C37.4071 27.4588 43.2646 26.7999 47.8621 29.4756C48.0734 19.018 45.2583 -1.23817 60.1314 0.0594784L60.1433 0.0634959Z\" fill=\"#FDC400\"><\/path><\/svg>\t\t\t<\/div>\n\t\t<\/div>\n\t\t\t\t\t\t<\/div>\n\t\t\t\t<\/div>\n\t\t\t\t<div class=\"elementor-element elementor-element-343b5c6 elementor-widget elementor-widget-heading\" data-id=\"343b5c6\" data-element_type=\"widget\" data-widget_type=\"heading.default\">\n\t\t\t\t<div class=\"elementor-widget-container\">\n\t\t\t\t\t<h2 class=\"elementor-heading-title elementor-size-default\">Soy Miri<\/h2>\t\t\t\t<\/div>\n\t\t\t\t<\/div>\n\t\t\t\t<\/div>\n\t\t\t\t<div class=\"elementor-element elementor-element-96ede76 elementor-widget__width-initial elementor-invisible elementor-widget elementor-widget-text-editor\" data-id=\"96ede76\" data-element_type=\"widget\" data-settings=\"{&quot;_animation&quot;:&quot;fadeIn&quot;,&quot;_animation_delay&quot;:250}\" data-widget_type=\"text-editor.default\">\n\t\t\t\t<div class=\"elementor-widget-container\">\n\t\t\t\t\t\t\t\t\t<p>Una creativa, apasionada de las historias ( y tambi\u00e9n de los resultados). Periodista de profesi\u00f3n y publicista de vocaci\u00f3n, nac\u00ed en Hell\u00edn (un pueblo que quiz\u00e1s no conozcas, Google te lo resuelve en un pliqui), he vivido casi 20 a\u00f1os en Madrid y ahora trabajo en remoto desde cualquier lugar. Adoro el trabajo flexible, pero no tengo problema en acudir a la oficina de manera puntual cuando lo necesites. Lo hablamos, y listo.<\/p>\t\t\t\t\t\t\t\t<\/div>\n\t\t\t\t<\/div>\n\t\t\t\t<div class=\"elementor-element elementor-element-50c3c67 elementor-widget__width-inherit elementor-invisible elementor-widget elementor-widget-image\" data-id=\"50c3c67\" data-element_type=\"widget\" data-settings=\"{&quot;_animation&quot;:&quot;fadeIn&quot;,&quot;_animation_delay&quot;:500}\" data-widget_type=\"image.default\">\n\t\t\t\t<div class=\"elementor-widget-container\">\n\t\t\t\t\t\t\t\t\t\t\t\t\t\t\t<img fetchpriority=\"high\" decoding=\"async\" width=\"1866\" height=\"1030\" src=\"https:\/\/mirigarcia.chillypills.es\/wp-content\/uploads\/2025\/05\/collage.jpg\" class=\"attachment-full size-full wp-image-1543\" alt=\"\" srcset=\"https:\/\/mirigarcia.chillypills.es\/wp-content\/uploads\/2025\/05\/collage.jpg 1866w, https:\/\/mirigarcia.chillypills.es\/wp-content\/uploads\/2025\/05\/collage-300x166.jpg 300w, https:\/\/mirigarcia.chillypills.es\/wp-content\/uploads\/2025\/05\/collage-1024x565.jpg 1024w, https:\/\/mirigarcia.chillypills.es\/wp-content\/uploads\/2025\/05\/collage-768x424.jpg 768w, https:\/\/mirigarcia.chillypills.es\/wp-content\/uploads\/2025\/05\/collage-1536x848.jpg 1536w\" sizes=\"(max-width: 1866px) 100vw, 1866px\" \/>\t\t\t\t\t\t\t\t\t\t\t\t\t\t\t<\/div>\n\t\t\t\t<\/div>\n\t\t\t\t\t<\/div>\n\t\t\t\t<\/div>\n\t\t<div class=\"elementor-element elementor-element-5477c3a e-flex e-con-boxed e-con e-parent\" data-id=\"5477c3a\" data-element_type=\"container\" data-settings=\"{&quot;jet_parallax_layout_list&quot;:[]}\">\n\t\t\t\t\t<div class=\"e-con-inner\">\n\t\t\t\t<div class=\"elementor-element elementor-element-ddc0e73 elementor-widget__width-initial elementor-invisible elementor-widget elementor-widget-text-editor\" data-id=\"ddc0e73\" data-element_type=\"widget\" data-settings=\"{&quot;_animation&quot;:&quot;fadeIn&quot;,&quot;_animation_delay&quot;:250}\" data-widget_type=\"text-editor.default\">\n\t\t\t\t<div class=\"elementor-widget-container\">\n\t\t\t\t\t\t\t\t\t<p>Me chifla el rock, el dise\u00f1o, las pantoneras, hacer audios largos, las campa\u00f1as que tiran de costumbrismo, el karaoke y el punto de cruz (s\u00ed, ll\u00e1mame rara). Me fascinan las formas de expresi\u00f3n humanas, simples pero llenas de significado. Las historias son mi pasi\u00f3n: quienes las cuentan y quienes las hacen realidad. Mi objetivo es entender esas emociones detr\u00e1s de cada historia y transformarlas en narrativas impactantes.<br><br>Busco oportunidades en las que mi mentalidad estrat\u00e9gica, mi esp\u00edritu de colaboraci\u00f3n y mi instinto creativo puedan ayudar a aportar un valor aut\u00e9ntico a las marcas. Con plena competencia profesional tanto en espa\u00f1ol como en ingl\u00e9s, <br>sobresalgo en la elaboraci\u00f3n y presentaci\u00f3n de ideas en ingl\u00e9s, desde reuniones con clientes hasta propuestas estrat\u00e9gicas.  <br><br>Inspirada por el panorama digital, la innovaci\u00f3n, los resultados y fascinada por las tendencias de consumo, mi objetivo es dar vida a las marcas con una narraci\u00f3n centrada en el ser humano que deje un impacto cultural duradero.  <br><br>Y s\u00ed, har\u00e9 que sea divertido por el camino.<\/p>\t\t\t\t\t\t\t\t<\/div>\n\t\t\t\t<\/div>\n\t\t<div class=\"elementor-element elementor-element-8af29ad e-con-full e-flex elementor-invisible e-con e-child\" data-id=\"8af29ad\" data-element_type=\"container\" data-settings=\"{&quot;jet_parallax_layout_list&quot;:[],&quot;animation&quot;:&quot;fadeIn&quot;,&quot;animation_delay&quot;:500}\">\n\t\t\t\t<div class=\"elementor-element elementor-element-de16475 elementor-position-right elementor-vertical-align-bottom elementor-widget__width-auto elementor-view-default elementor-mobile-position-top elementor-widget elementor-widget-icon-box\" data-id=\"de16475\" data-element_type=\"widget\" data-widget_type=\"icon-box.default\">\n\t\t\t\t<div class=\"elementor-widget-container\">\n\t\t\t\t\t\t\t<div class=\"elementor-icon-box-wrapper\">\n\n\t\t\t\t\t\t<div class=\"elementor-icon-box-icon\">\n\t\t\t\t<span  class=\"elementor-icon\">\n\t\t\t\t<svg xmlns=\"http:\/\/www.w3.org\/2000\/svg\" width=\"23\" height=\"29\" viewBox=\"0 0 23 29\" fill=\"none\"><path d=\"M1.48792 23.4357C1.63133 23.4357 1.63133 23.4357 1.77475 23.4357L5.07327 22.8621C6.5074 22.5752 7.79813 21.8582 8.80203 20.8543L20.2751 9.52458L21.7093 7.94703C22.5698 7.22996 23 6.08265 23 4.93533C23 3.78802 22.5698 2.78413 21.7093 1.92364C20.1317 0.34609 17.4069 0.34609 15.6859 1.92364L14.2518 3.35778L2.77864 14.6875C1.77475 15.6914 1.05768 16.9821 0.770849 18.4162L0.0537802 21.7148C-0.0896337 22.145 0.0537804 22.7187 0.484022 23.0055C0.77085 23.2923 1.05768 23.4357 1.48792 23.4357ZM17.6937 4.07485C18.2673 3.5012 19.1278 3.5012 19.7015 4.07485C20.1317 4.36168 20.1317 4.79192 20.1317 4.93533C20.1317 5.36558 19.9883 5.6524 19.7015 5.93923L19.2712 6.51289L17.2634 4.50509L17.6937 4.07485ZM21.5659 25.1567H1.48792C0.627436 25.1567 0.0537802 25.7303 0.0537802 26.5908C0.0537802 27.4513 0.627436 28.025 1.48792 28.025H21.5659C22.4263 28.025 23 27.4513 23 26.5908C23 25.7303 22.4263 25.1567 21.5659 25.1567Z\" fill=\"black\"><\/path><\/svg>\t\t\t\t<\/span>\n\t\t\t<\/div>\n\t\t\t\n\t\t\t\t\t\t<div class=\"elementor-icon-box-content\">\n\n\t\t\t\t\t\t\t\t\t<h3 class=\"elementor-icon-box-title\">\n\t\t\t\t\t\t<span  >\n\t\t\t\t\t\t\tla trama de mi carrera\t\t\t\t\t\t<\/span>\n\t\t\t\t\t<\/h3>\n\t\t\t\t\n\t\t\t\t\n\t\t\t<\/div>\n\t\t\t\n\t\t<\/div>\n\t\t\t\t\t\t<\/div>\n\t\t\t\t<\/div>\n\t\t<div class=\"elementor-element elementor-element-df8a634 e-con-full e-flex e-con e-child\" data-id=\"df8a634\" data-element_type=\"container\" data-settings=\"{&quot;jet_parallax_layout_list&quot;:[]}\">\n\t\t<div class=\"elementor-element elementor-element-762b782 e-con-full e-flex e-con e-child\" data-id=\"762b782\" data-element_type=\"container\" data-settings=\"{&quot;jet_parallax_layout_list&quot;:[]}\">\n\t\t<div class=\"elementor-element elementor-element-4da9885 e-con-full e-flex e-con e-child\" data-id=\"4da9885\" data-element_type=\"container\" data-settings=\"{&quot;jet_parallax_layout_list&quot;:[]}\">\n\t\t\t\t<div class=\"elementor-element elementor-element-b3065d2 elementor-widget__width-initial elementor-widget elementor-widget-text-editor\" data-id=\"b3065d2\" data-element_type=\"widget\" data-widget_type=\"text-editor.default\">\n\t\t\t\t<div class=\"elementor-widget-container\">\n\t\t\t\t\t\t\t\t\t<p>DIRECTOR CREATIVO INDIE &#8211; 2023\/AHORA<\/p>\t\t\t\t\t\t\t\t<\/div>\n\t\t\t\t<\/div>\n\t\t\t\t<\/div>\n\t\t<div class=\"elementor-element elementor-element-3a5aea9 e-con-full e-flex e-con e-child\" data-id=\"3a5aea9\" data-element_type=\"container\" data-settings=\"{&quot;jet_parallax_layout_list&quot;:[]}\">\n\t\t\t\t<div class=\"elementor-element elementor-element-223f1a4 elementor-widget__width-initial elementor-widget elementor-widget-text-editor\" data-id=\"223f1a4\" data-element_type=\"widget\" data-widget_type=\"text-editor.default\">\n\t\t\t\t<div class=\"elementor-widget-container\">\n\t\t\t\t\t\t\t\t\t<p>Conceptualizaci\u00f3n, estrategia creativa, campa\u00f1as 360\u00ba, editorial y copywritting para FIFA (World Cup 2030), EUROPCAR (Premium Interaction Guidelines), MOEVE, NIVEA ( International Hub) , BYD y ACTIVIA.<\/p>\t\t\t\t\t\t\t\t<\/div>\n\t\t\t\t<\/div>\n\t\t\t\t<\/div>\n\t\t\t\t<\/div>\n\t\t<div class=\"elementor-element elementor-element-6606fea e-con-full e-flex e-con e-child\" data-id=\"6606fea\" data-element_type=\"container\" data-settings=\"{&quot;jet_parallax_layout_list&quot;:[]}\">\n\t\t<div class=\"elementor-element elementor-element-9a3e582 e-con-full e-flex e-con e-child\" data-id=\"9a3e582\" data-element_type=\"container\" data-settings=\"{&quot;jet_parallax_layout_list&quot;:[]}\">\n\t\t\t\t<div class=\"elementor-element elementor-element-0c5e7fe elementor-widget__width-initial elementor-widget elementor-widget-text-editor\" data-id=\"0c5e7fe\" data-element_type=\"widget\" data-widget_type=\"text-editor.default\">\n\t\t\t\t<div class=\"elementor-widget-container\">\n\t\t\t\t\t\t\t\t\t<p>OMD ESPA\u00d1A (GRUPO OMNICOM) &#8211; 2016\/2023<\/p>\t\t\t\t\t\t\t\t<\/div>\n\t\t\t\t<\/div>\n\t\t\t\t<\/div>\n\t\t<div class=\"elementor-element elementor-element-2ad1e97 e-con-full e-flex e-con e-child\" data-id=\"2ad1e97\" data-element_type=\"container\" data-settings=\"{&quot;jet_parallax_layout_list&quot;:[]}\">\n\t\t\t\t<div class=\"elementor-element elementor-element-af42af1 elementor-widget__width-initial elementor-widget elementor-widget-text-editor\" data-id=\"af42af1\" data-element_type=\"widget\" data-widget_type=\"text-editor.default\">\n\t\t\t\t<div class=\"elementor-widget-container\">\n\t\t\t\t\t\t\t\t\t<p>Directora creativa en Espa\u00f1a (oficinas Madrid \u2013 Barcelona) y copywritter para McDONALD\u00b4S, RENAULT, ALIEXPRESS, GREENPEACE, LEVI\u00b4S, NIVEA, OIVE, SANITAS DENTAL y DECATHLON. <\/p>\t\t\t\t\t\t\t\t<\/div>\n\t\t\t\t<\/div>\n\t\t\t\t<\/div>\n\t\t\t\t<\/div>\n\t\t<div class=\"elementor-element elementor-element-b871ad2 e-con-full e-flex e-con e-child\" data-id=\"b871ad2\" data-element_type=\"container\" data-settings=\"{&quot;jet_parallax_layout_list&quot;:[]}\">\n\t\t<div class=\"elementor-element elementor-element-eea36ec e-con-full e-flex e-con e-child\" data-id=\"eea36ec\" data-element_type=\"container\" data-settings=\"{&quot;jet_parallax_layout_list&quot;:[]}\">\n\t\t\t\t<div class=\"elementor-element elementor-element-6aff790 elementor-widget__width-initial elementor-widget elementor-widget-text-editor\" data-id=\"6aff790\" data-element_type=\"widget\" data-widget_type=\"text-editor.default\">\n\t\t\t\t<div class=\"elementor-widget-container\">\n\t\t\t\t\t\t\t\t\t<p>GRUPO PUBLICIS &#8211; 2012\/2016<\/p>\t\t\t\t\t\t\t\t<\/div>\n\t\t\t\t<\/div>\n\t\t\t\t<\/div>\n\t\t<div class=\"elementor-element elementor-element-5a6027b e-con-full e-flex e-con e-child\" data-id=\"5a6027b\" data-element_type=\"container\" data-settings=\"{&quot;jet_parallax_layout_list&quot;:[]}\">\n\t\t\t\t<div class=\"elementor-element elementor-element-ce0a1df elementor-widget__width-initial elementor-widget elementor-widget-text-editor\" data-id=\"ce0a1df\" data-element_type=\"widget\" data-widget_type=\"text-editor.default\">\n\t\t\t\t<div class=\"elementor-widget-container\">\n\t\t\t\t\t\t\t\t\t<p>Directora creativa y copywritter para GARNIER, MOVISTAR, UNILEVER (MIMOS\u00cdN \u2013 SKIP), LIBERTY SEGUROS y BMW. <\/p>\t\t\t\t\t\t\t\t<\/div>\n\t\t\t\t<\/div>\n\t\t\t\t<\/div>\n\t\t\t\t<\/div>\n\t\t<div class=\"elementor-element elementor-element-323c818 e-con-full e-flex e-con e-child\" data-id=\"323c818\" data-element_type=\"container\" data-settings=\"{&quot;jet_parallax_layout_list&quot;:[]}\">\n\t\t<div class=\"elementor-element elementor-element-654896d e-con-full e-flex e-con e-child\" data-id=\"654896d\" data-element_type=\"container\" data-settings=\"{&quot;jet_parallax_layout_list&quot;:[]}\">\n\t\t\t\t<div class=\"elementor-element elementor-element-6322e66 elementor-widget__width-initial elementor-widget elementor-widget-text-editor\" data-id=\"6322e66\" data-element_type=\"widget\" data-widget_type=\"text-editor.default\">\n\t\t\t\t<div class=\"elementor-widget-container\">\n\t\t\t\t\t\t\t\t\t<p>WYSIWYG &#8211; 2009\/2012<\/p>\t\t\t\t\t\t\t\t<\/div>\n\t\t\t\t<\/div>\n\t\t\t\t<\/div>\n\t\t<div class=\"elementor-element elementor-element-1b5a8a3 e-con-full e-flex e-con e-child\" data-id=\"1b5a8a3\" data-element_type=\"container\" data-settings=\"{&quot;jet_parallax_layout_list&quot;:[]}\">\n\t\t\t\t<div class=\"elementor-element elementor-element-70b1f81 elementor-widget__width-initial elementor-widget elementor-widget-text-editor\" data-id=\"70b1f81\" data-element_type=\"widget\" data-widget_type=\"text-editor.default\">\n\t\t\t\t<div class=\"elementor-widget-container\">\n\t\t\t\t\t\t\t\t\t<p>Supervisora creativa para SCHWEEPES, ONO, LEVI\u00b4S y VODAFONE.<\/p>\t\t\t\t\t\t\t\t<\/div>\n\t\t\t\t<\/div>\n\t\t\t\t<\/div>\n\t\t\t\t<\/div>\n\t\t<div class=\"elementor-element elementor-element-56dd0d1 e-con-full e-flex e-con e-child\" data-id=\"56dd0d1\" data-element_type=\"container\" data-settings=\"{&quot;jet_parallax_layout_list&quot;:[]}\">\n\t\t<div class=\"elementor-element elementor-element-d476885 e-con-full e-flex e-con e-child\" data-id=\"d476885\" data-element_type=\"container\" data-settings=\"{&quot;jet_parallax_layout_list&quot;:[]}\">\n\t\t\t\t<div class=\"elementor-element elementor-element-9ccd3c3 elementor-widget__width-initial elementor-widget elementor-widget-text-editor\" data-id=\"9ccd3c3\" data-element_type=\"widget\" data-widget_type=\"text-editor.default\">\n\t\t\t\t<div class=\"elementor-widget-container\">\n\t\t\t\t\t\t\t\t\t<p>CP PROXIMIDAD &#8211; 2001\/2007<\/p>\t\t\t\t\t\t\t\t<\/div>\n\t\t\t\t<\/div>\n\t\t\t\t<\/div>\n\t\t<div class=\"elementor-element elementor-element-3e9a28e e-con-full e-flex e-con e-child\" data-id=\"3e9a28e\" data-element_type=\"container\" data-settings=\"{&quot;jet_parallax_layout_list&quot;:[]}\">\n\t\t\t\t<div class=\"elementor-element elementor-element-35e23d2 elementor-widget__width-initial elementor-widget elementor-widget-text-editor\" data-id=\"35e23d2\" data-element_type=\"widget\" data-widget_type=\"text-editor.default\">\n\t\t\t\t<div class=\"elementor-widget-container\">\n\t\t\t\t\t\t\t\t\t<p>Copywritter para NIVEA, CEPSA, DIAGEO, PEPSI y TOYOTA.<\/p>\t\t\t\t\t\t\t\t<\/div>\n\t\t\t\t<\/div>\n\t\t\t\t<\/div>\n\t\t\t\t<\/div>\n\t\t\t\t<\/div>\n\t\t\t\t<div class=\"elementor-element elementor-element-ab68cab elementor-position-right elementor-vertical-align-bottom elementor-widget__width-auto elementor-view-default elementor-mobile-position-top elementor-widget elementor-widget-icon-box\" data-id=\"ab68cab\" data-element_type=\"widget\" data-widget_type=\"icon-box.default\">\n\t\t\t\t<div class=\"elementor-widget-container\">\n\t\t\t\t\t\t\t<div class=\"elementor-icon-box-wrapper\">\n\n\t\t\t\t\t\t<div class=\"elementor-icon-box-icon\">\n\t\t\t\t<span  class=\"elementor-icon\">\n\t\t\t\t<svg xmlns=\"http:\/\/www.w3.org\/2000\/svg\" width=\"25\" height=\"20\" viewBox=\"0 0 25 20\" fill=\"none\"><path d=\"M18.2693 0C16.0695 0 13.6814 0.999943 12.5 3C11.3186 0.999943 8.93047 0 6.73075 0C2.88209 0 0 2.45671 0 6.57835C0 8.35608 0.701004 10.6649 2.28365 12.5816C3.86618 14.4984 4.80759 15.5191 7.87254 17.5816C10.9375 19.6442 12.5 20 12.5 20C12.5 20 14.0625 19.6442 17.1275 17.5816C20.1924 15.5191 21.1338 14.4984 22.7164 12.5816C24.299 10.6649 25 8.35608 25 6.57835C25 2.45671 22.1179 0 18.2693 0Z\" fill=\"black\"><\/path><\/svg>\t\t\t\t<\/span>\n\t\t\t<\/div>\n\t\t\t\n\t\t\t\t\t\t<div class=\"elementor-icon-box-content\">\n\n\t\t\t\t\t\t\t\t\t<h3 class=\"elementor-icon-box-title\">\n\t\t\t\t\t\t<span  >\n\t\t\t\t\t\t\tmi mantra\t\t\t\t\t\t<\/span>\n\t\t\t\t\t<\/h3>\n\t\t\t\t\n\t\t\t\t\n\t\t\t<\/div>\n\t\t\t\n\t\t<\/div>\n\t\t\t\t\t\t<\/div>\n\t\t\t\t<\/div>\n\t\t\t\t<div class=\"elementor-element elementor-element-5cde3a0 elementor-widget elementor-widget-heading\" data-id=\"5cde3a0\" data-element_type=\"widget\" data-widget_type=\"heading.default\">\n\t\t\t\t<div class=\"elementor-widget-container\">\n\t\t\t\t\t<h2 class=\"elementor-heading-title elementor-size-default\">Too much ego will kill your talent.<\/h2>\t\t\t\t<\/div>\n\t\t\t\t<\/div>\n\t\t\t\t<\/div>\n\t\t\t\t\t<\/div>\n\t\t\t\t<\/div>\n\t\t\t\t<\/div>\n\t\t","protected":false},"excerpt":{"rendered":"<p>Hola Soy Miri Una creativa, apasionada de las historias ( y tambi\u00e9n de los resultados). Periodista de profesi\u00f3n y publicista de vocaci\u00f3n, nac\u00ed en Hell\u00edn (un pueblo que quiz\u00e1s no conozcas, Google te lo resuelve en un pliqui), he vivido casi 20 a\u00f1os en Madrid y ahora trabajo en remoto desde cualquier lugar. Adoro el [&hellip;]<\/p>\n","protected":false},"author":1,"featured_media":0,"parent":0,"menu_order":0,"comment_status":"closed","ping_status":"closed","template":"","meta":{"footnotes":""},"class_list":["post-1591","page","type-page","status-publish","hentry"],"_links":{"self":[{"href":"https:\/\/mirigarcia.chillypills.es\/es\/wp-json\/wp\/v2\/pages\/1591","targetHints":{"allow":["GET"]}}],"collection":[{"href":"https:\/\/mirigarcia.chillypills.es\/es\/wp-json\/wp\/v2\/pages"}],"about":[{"href":"https:\/\/mirigarcia.chillypills.es\/es\/wp-json\/wp\/v2\/types\/page"}],"author":[{"embeddable":true,"href":"https:\/\/mirigarcia.chillypills.es\/es\/wp-json\/wp\/v2\/users\/1"}],"replies":[{"embeddable":true,"href":"https:\/\/mirigarcia.chillypills.es\/es\/wp-json\/wp\/v2\/comments?post=1591"}],"version-history":[{"count":3,"href":"https:\/\/mirigarcia.chillypills.es\/es\/wp-json\/wp\/v2\/pages\/1591\/revisions"}],"predecessor-version":[{"id":1625,"href":"https:\/\/mirigarcia.chillypills.es\/es\/wp-json\/wp\/v2\/pages\/1591\/revisions\/1625"}],"wp:attachment":[{"href":"https:\/\/mirigarcia.chillypills.es\/es\/wp-json\/wp\/v2\/media?parent=1591"}],"curies":[{"name":"wp","href":"https:\/\/api.w.org\/{rel}","templated":true}]}}