{"id":1577,"date":"2025-05-05T07:56:26","date_gmt":"2025-05-05T07:56:26","guid":{"rendered":"https:\/\/mirigarcia.chillypills.es\/45-garantia\/"},"modified":"2025-05-16T11:35:16","modified_gmt":"2025-05-16T11:35:16","slug":"45-garantia","status":"publish","type":"page","link":"https:\/\/mirigarcia.chillypills.es\/es\/45-garantia\/","title":{"rendered":"Garant\u00eda +45"},"content":{"rendered":"\t\t<div data-elementor-type=\"wp-page\" data-elementor-id=\"1577\" class=\"elementor elementor-1577 elementor-298\" data-elementor-post-type=\"page\">\n\t\t\t\t<div class=\"elementor-element elementor-element-bc4d2ed e-con-full e-flex e-con e-parent\" data-id=\"bc4d2ed\" data-element_type=\"container\" data-settings=\"{&quot;jet_parallax_layout_list&quot;:[]}\">\n\t\t\t\t<div class=\"elementor-element elementor-element-5a4d970 elementor-widget elementor-widget-heading\" data-id=\"5a4d970\" data-element_type=\"widget\" data-widget_type=\"heading.default\">\n\t\t\t\t<div class=\"elementor-widget-container\">\n\t\t\t\t\t<h2 class=\"elementor-heading-title elementor-size-default\">Qu\u00e9 es la garant\u00eda +45<\/h2>\t\t\t\t<\/div>\n\t\t\t\t<\/div>\n\t\t\t\t<div class=\"elementor-element elementor-element-b69580a elementor-widget__width-initial elementor-widget elementor-widget-text-editor\" data-id=\"b69580a\" data-element_type=\"widget\" data-widget_type=\"text-editor.default\">\n\t\t\t\t<div class=\"elementor-widget-container\">\n\t\t\t\t\t\t\t\t\t<p>La creatividad no tiene edad, pero si la tiene, a\u00fan mejor. Porque trabajar con una creativa que disfruta con sus arrugas, como yo, tiene sus ventajas (y no s\u00f3lo por las historias que cuentan esas arrugas).<\/p>\t\t\t\t\t\t\t\t<\/div>\n\t\t\t\t<\/div>\n\t\t<div class=\"elementor-element elementor-element-24d928a e-con-full e-flex e-con e-child\" data-id=\"24d928a\" data-element_type=\"container\" data-settings=\"{&quot;jet_parallax_layout_list&quot;:[]}\">\n\t\t<div class=\"elementor-element elementor-element-3233c24 e-con-full e-flex e-con e-child\" data-id=\"3233c24\" data-element_type=\"container\" data-settings=\"{&quot;jet_parallax_layout_list&quot;:[]}\">\n\t\t\t\t<div class=\"elementor-element elementor-element-9fe6793 elementor-widget__width-initial elementor-view-default elementor-position-top elementor-mobile-position-top elementor-invisible elementor-widget elementor-widget-icon-box\" data-id=\"9fe6793\" data-element_type=\"widget\" data-settings=\"{&quot;_animation&quot;:&quot;fadeIn&quot;}\" data-widget_type=\"icon-box.default\">\n\t\t\t\t<div class=\"elementor-widget-container\">\n\t\t\t\t\t\t\t<div class=\"elementor-icon-box-wrapper\">\n\n\t\t\t\t\t\t<div class=\"elementor-icon-box-icon\">\n\t\t\t\t<span  class=\"elementor-icon\">\n\t\t\t\t<svg xmlns=\"http:\/\/www.w3.org\/2000\/svg\" width=\"133\" height=\"135\" viewBox=\"0 0 133 135\" fill=\"none\"><path d=\"M127.526 71.55L99.0774 67.5L127.526 63.45C131.119 62.8155 133.525 59.3797 132.892 55.782C132.258 52.1842 128.827 49.7745 125.234 50.409L97.1157 56.3423L122.463 42.795C125.625 40.9658 126.71 36.9158 124.883 33.75C123.056 30.5843 119.011 29.4975 115.85 31.3267L91.453 46.5345L110.645 25.1168C112.991 22.3155 112.627 18.1372 109.83 15.7882C107.032 13.4392 102.859 13.8038 100.513 16.605L82.7836 39.2513L93.5023 12.555C94.7495 9.11925 92.9832 5.319 89.5519 4.07025C86.1206 2.8215 82.3252 4.59 81.0781 8.02575L72.1526 35.3768L73.1099 6.62175C73.1099 2.96325 70.1504 0 66.4966 0C62.8428 0 59.8834 2.96325 59.8834 6.62175L60.8407 35.3768L51.9152 8.02575C50.668 4.59 46.8727 2.8215 43.4414 4.07025C40.01 5.319 38.2438 9.11925 39.4909 12.555L50.2096 39.2513L32.48 16.605C30.134 13.8038 25.9611 13.4392 23.1635 15.7882C20.3658 18.1372 20.0018 22.3155 22.3478 25.1168L41.5403 46.5345L17.1435 31.3267C13.9818 29.4975 9.93704 30.5843 8.11015 33.75C6.28325 36.9158 7.3686 40.9658 10.5303 42.795L35.8776 56.3423L7.7596 50.409C4.16648 49.7745 0.735155 52.1775 0.101472 55.782C-0.532211 59.3797 1.8677 62.8155 5.46756 63.45L33.9159 67.5L5.46756 71.55C1.87444 72.1845 -0.532211 75.6203 0.101472 79.218H0.108213C0.741896 82.8158 4.17322 85.2255 7.76634 84.591L35.8843 78.6578L10.537 92.205C7.37535 94.0343 6.28999 98.0843 8.11689 101.25C9.94378 104.416 13.9886 105.503 17.1502 103.673L41.547 88.4655L22.3545 109.883C20.0086 112.684 20.3726 116.863 23.1702 119.212C25.9679 121.561 30.1407 121.196 32.4867 118.395L50.2164 95.7488L39.4977 122.445C38.2505 125.881 40.0168 129.681 43.4481 130.93C46.8794 132.178 50.6748 130.41 51.9219 126.974L60.8474 99.6233L59.8901 128.378C59.8901 132.037 62.8496 135 66.5034 135C70.1572 135 73.1166 132.037 73.1166 128.378L72.1593 99.6233L81.0848 126.974C82.332 130.41 86.1273 132.178 89.5587 130.93C92.99 129.681 94.7562 125.881 93.5091 122.445L82.7904 95.7488L100.52 118.395C102.866 121.196 107.039 121.561 109.837 119.212C112.634 116.863 112.998 112.684 110.652 109.883L91.4597 88.4655L115.857 103.673C119.018 105.503 123.063 104.416 124.89 101.25C126.717 98.0843 125.631 94.0343 122.47 92.205L97.1224 78.6578L125.24 84.591C128.834 85.2255 132.265 82.8225 132.899 79.218C133.532 75.6203 131.132 72.1845 127.532 71.55H127.526Z\" fill=\"#FB3800\"><\/path><\/svg>\t\t\t\t<\/span>\n\t\t\t<\/div>\n\t\t\t\n\t\t\t\t\t\t<div class=\"elementor-icon-box-content\">\n\n\t\t\t\t\n\t\t\t\t\t\t\t\t\t<p class=\"elementor-icon-box-description\">\n\t\t\t\t\t\tS\u00e9 cu\u00e1ndo y c\u00f3mo optimizar los esfuerzos:<u>\"menos es m\u00e1s<\/u>\" (y a veces, menos es todo lo que necesitas)\t\t\t\t\t<\/p>\n\t\t\t\t\n\t\t\t<\/div>\n\t\t\t\n\t\t<\/div>\n\t\t\t\t\t\t<\/div>\n\t\t\t\t<\/div>\n\t\t\t\t<div class=\"elementor-element elementor-element-e34ca9b elementor-widget__width-initial elementor-view-default elementor-position-top elementor-mobile-position-top elementor-invisible elementor-widget elementor-widget-icon-box\" data-id=\"e34ca9b\" data-element_type=\"widget\" data-settings=\"{&quot;_animation&quot;:&quot;fadeIn&quot;,&quot;_animation_delay&quot;:250}\" data-widget_type=\"icon-box.default\">\n\t\t\t\t<div class=\"elementor-widget-container\">\n\t\t\t\t\t\t\t<div class=\"elementor-icon-box-wrapper\">\n\n\t\t\t\t\t\t<div class=\"elementor-icon-box-icon\">\n\t\t\t\t<span  class=\"elementor-icon\">\n\t\t\t\t<svg xmlns=\"http:\/\/www.w3.org\/2000\/svg\" width=\"113\" height=\"113\" viewBox=\"0 0 113 113\" fill=\"none\"><path d=\"M18.0339 112.735C8.14026 112.735 0.113281 104.668 0.113281 94.7138C0.113281 73.5365 17.1874 56.3669 38.2471 56.3669C48.1407 56.3669 56.1677 64.4332 56.1677 74.3877C56.1677 95.565 39.0935 112.735 18.0339 112.735Z\" fill=\"#FDC400\"><\/path><path d=\"M74.0886 56.3677C64.195 56.3677 56.168 48.3015 56.168 38.347C56.168 17.1697 73.2421 0.00012207 94.3018 0.00012207C104.195 0.00012207 112.222 8.06633 112.222 18.0209C112.222 39.1982 95.1482 56.3677 74.0886 56.3677Z\" fill=\"#FDC400\"><\/path><path d=\"M94.3076 112.736C104.201 112.736 112.228 104.669 112.228 94.7149C112.228 73.5376 95.154 56.368 74.0944 56.368C64.2008 56.368 56.1738 64.4342 56.1738 74.3888C56.1738 95.5661 73.248 112.736 94.3076 112.736Z\" fill=\"#FDC400\"><\/path><path d=\"M38.2549 56.3676C48.1485 56.3676 56.1755 48.3014 56.1755 38.3469C56.1755 17.1696 39.1013 0 18.0417 0C8.14808 0 0.121094 8.06621 0.121094 18.0207C0.121094 39.198 17.1953 56.3676 38.2549 56.3676Z\" fill=\"#FDC400\"><\/path><\/svg>\t\t\t\t<\/span>\n\t\t\t<\/div>\n\t\t\t\n\t\t\t\t\t\t<div class=\"elementor-icon-box-content\">\n\n\t\t\t\t\n\t\t\t\t\t\t\t\t\t<p class=\"elementor-icon-box-description\">\n\t\t\t\t\t\tHago que lo <u>imposible parezca tan f\u00e1cil<\/u> como deslizar a la derecha en Tinder.  \t\t\t\t\t<\/p>\n\t\t\t\t\n\t\t\t<\/div>\n\t\t\t\n\t\t<\/div>\n\t\t\t\t\t\t<\/div>\n\t\t\t\t<\/div>\n\t\t\t\t<div class=\"elementor-element elementor-element-2a7c8c9 elementor-widget__width-initial elementor-view-default elementor-position-top elementor-mobile-position-top elementor-invisible elementor-widget elementor-widget-icon-box\" data-id=\"2a7c8c9\" data-element_type=\"widget\" data-settings=\"{&quot;_animation&quot;:&quot;fadeIn&quot;,&quot;_animation_delay&quot;:500}\" data-widget_type=\"icon-box.default\">\n\t\t\t\t<div class=\"elementor-widget-container\">\n\t\t\t\t\t\t\t<div class=\"elementor-icon-box-wrapper\">\n\n\t\t\t\t\t\t<div class=\"elementor-icon-box-icon\">\n\t\t\t\t<span  class=\"elementor-icon\">\n\t\t\t\t<svg xmlns=\"http:\/\/www.w3.org\/2000\/svg\" width=\"106\" height=\"106\" viewBox=\"0 0 106 106\" fill=\"none\"><path d=\"M0.959961 0.73584C29.7792 0.73584 53.1687 24.2613 53.1687 53.2364C53.1687 82.2114 29.774 105.737 0.959961 105.737V0.73584Z\" fill=\"#F9ABC5\"><\/path><path d=\"M105.383 105.737C76.5636 105.737 53.1741 82.2113 53.1741 53.2363C53.1741 24.2613 76.5688 0.735794 105.383 0.735794L105.383 105.737Z\" fill=\"#F9ABC5\"><\/path><\/svg>\t\t\t\t<\/span>\n\t\t\t<\/div>\n\t\t\t\n\t\t\t\t\t\t<div class=\"elementor-icon-box-content\">\n\n\t\t\t\t\n\t\t\t\t\t\t\t\t\t<p class=\"elementor-icon-box-description\">\n\t\t\t\t\t\tConvierto cada <u>\"no\" en un \"s\u00ed\" potencial<\/u>. Todo es cuesti\u00f3n de actitud, perspectiva y un poco de magia.\t\t\t\t\t<\/p>\n\t\t\t\t\n\t\t\t<\/div>\n\t\t\t\n\t\t<\/div>\n\t\t\t\t\t\t<\/div>\n\t\t\t\t<\/div>\n\t\t\t\t<div class=\"elementor-element elementor-element-c2ac0a1 elementor-widget__width-initial elementor-view-default elementor-position-top elementor-mobile-position-top elementor-invisible elementor-widget elementor-widget-icon-box\" data-id=\"c2ac0a1\" data-element_type=\"widget\" data-settings=\"{&quot;_animation&quot;:&quot;fadeIn&quot;,&quot;_animation_delay&quot;:750}\" data-widget_type=\"icon-box.default\">\n\t\t\t\t<div class=\"elementor-widget-container\">\n\t\t\t\t\t\t\t<div class=\"elementor-icon-box-wrapper\">\n\n\t\t\t\t\t\t<div class=\"elementor-icon-box-icon\">\n\t\t\t\t<span  class=\"elementor-icon\">\n\t\t\t\t<svg xmlns=\"http:\/\/www.w3.org\/2000\/svg\" width=\"105\" height=\"114\" viewBox=\"0 0 105 114\" fill=\"none\"><path d=\"M100.434 28.9868C95.2799 19.9287 85.921 14.8731 76.2996 14.8675C71.4806 6.42645 62.4847 0.736816 52.1709 0.736816C41.8571 0.736816 32.8612 6.42078 28.0421 14.8675C18.4208 14.8788 9.06751 19.9344 3.90784 28.9868C-1.24625 38.0449 -0.894457 48.7845 3.90784 57.2368C-0.894457 65.6892 -1.25184 76.4344 3.90784 85.4868C9.06193 94.5449 18.4208 99.6005 28.0421 99.6062C32.8612 108.047 41.8571 113.737 52.1709 113.737C62.4847 113.737 71.4806 108.053 76.2996 99.6062C85.921 99.5948 95.2743 94.5393 100.434 85.4868C105.588 76.4287 105.236 65.6892 100.434 57.2368C105.236 48.7845 105.594 38.0393 100.434 28.9868Z\" fill=\"#3879E1\"><\/path><\/svg>\t\t\t\t<\/span>\n\t\t\t<\/div>\n\t\t\t\n\t\t\t\t\t\t<div class=\"elementor-icon-box-content\">\n\n\t\t\t\t\n\t\t\t\t\t\t\t\t\t<p class=\"elementor-icon-box-description\">\n\t\t\t\t\t\tS\u00e9 <u>leer entre l\u00edneas<\/u> (y entre correos electr\u00f3nicos, incluidos los del cliente que dice: \"Quiero algo fresco, pero conservador\").\t\t\t\t\t<\/p>\n\t\t\t\t\n\t\t\t<\/div>\n\t\t\t\n\t\t<\/div>\n\t\t\t\t\t\t<\/div>\n\t\t\t\t<\/div>\n\t\t\t\t<\/div>\n\t\t\t\t<\/div>\n\t\t\t\t<\/div>\n\t\t\t\t<\/div>\n\t\t","protected":false},"excerpt":{"rendered":"<p>Qu\u00e9 es la garant\u00eda +45 La creatividad no tiene edad, pero si la tiene, a\u00fan mejor. Porque trabajar con una creativa que disfruta con sus arrugas, como yo, tiene sus ventajas (y no s\u00f3lo por las historias que cuentan esas arrugas). S\u00e9 cu\u00e1ndo y c\u00f3mo optimizar los esfuerzos:\u00abmenos es m\u00e1s\u00bb (y a veces, menos es [&hellip;]<\/p>\n","protected":false},"author":1,"featured_media":0,"parent":0,"menu_order":0,"comment_status":"closed","ping_status":"closed","template":"","meta":{"footnotes":""},"class_list":["post-1577","page","type-page","status-publish","hentry"],"_links":{"self":[{"href":"https:\/\/mirigarcia.chillypills.es\/es\/wp-json\/wp\/v2\/pages\/1577","targetHints":{"allow":["GET"]}}],"collection":[{"href":"https:\/\/mirigarcia.chillypills.es\/es\/wp-json\/wp\/v2\/pages"}],"about":[{"href":"https:\/\/mirigarcia.chillypills.es\/es\/wp-json\/wp\/v2\/types\/page"}],"author":[{"embeddable":true,"href":"https:\/\/mirigarcia.chillypills.es\/es\/wp-json\/wp\/v2\/users\/1"}],"replies":[{"embeddable":true,"href":"https:\/\/mirigarcia.chillypills.es\/es\/wp-json\/wp\/v2\/comments?post=1577"}],"version-history":[{"count":3,"href":"https:\/\/mirigarcia.chillypills.es\/es\/wp-json\/wp\/v2\/pages\/1577\/revisions"}],"predecessor-version":[{"id":1631,"href":"https:\/\/mirigarcia.chillypills.es\/es\/wp-json\/wp\/v2\/pages\/1577\/revisions\/1631"}],"wp:attachment":[{"href":"https:\/\/mirigarcia.chillypills.es\/es\/wp-json\/wp\/v2\/media?parent=1577"}],"curies":[{"name":"wp","href":"https:\/\/api.w.org\/{rel}","templated":true}]}}